{"id":996,"date":"2024-06-25T05:33:19","date_gmt":"2024-06-25T05:33:19","guid":{"rendered":"https:\/\/www.ricorhp.com.br\/novosite\/?page_id=996"},"modified":"2024-07-01T03:42:14","modified_gmt":"2024-07-01T03:42:14","slug":"tecnica-cirurgica-hipec","status":"publish","type":"page","link":"https:\/\/www.ricorhp.com.br\/novosite\/tecnica-cirurgica-hipec\/","title":{"rendered":"T\u00e9cnica cirurgica &#8211; HIPEC"},"content":{"rendered":"\t\t<div data-elementor-type=\"wp-page\" data-elementor-id=\"996\" class=\"elementor elementor-996\" data-elementor-post-type=\"page\">\n\t\t\t\t<div class=\"elementor-element elementor-element-eebc451 e-flex e-con-boxed e-con e-parent\" data-id=\"eebc451\" data-element_type=\"container\" data-settings=\"{&quot;background_background&quot;:&quot;classic&quot;}\">\n\t\t\t\t\t<div class=\"e-con-inner\">\n\t\t<div class=\"elementor-element elementor-element-7cde480 e-con-full e-flex e-con e-child\" data-id=\"7cde480\" data-element_type=\"container\" data-settings=\"{&quot;background_background&quot;:&quot;classic&quot;}\">\n\t\t\t\t<div class=\"elementor-element elementor-element-658c21e elementor-widget elementor-widget-heading\" data-id=\"658c21e\" data-element_type=\"widget\" data-widget_type=\"heading.default\">\n\t\t\t\t<div class=\"elementor-widget-container\">\n\t\t\t<h2 class=\"elementor-heading-title elementor-size-default\">T\u00e9cnica Cirurgica<\/h2>\t\t<\/div>\n\t\t\t\t<\/div>\n\t\t\t\t<div class=\"elementor-element elementor-element-2580827 elementor-widget elementor-widget-heading\" data-id=\"2580827\" data-element_type=\"widget\" data-widget_type=\"heading.default\">\n\t\t\t\t<div class=\"elementor-widget-container\">\n\t\t\t<h2 class=\"elementor-heading-title elementor-size-default\">HIPEC<\/h2>\t\t<\/div>\n\t\t\t\t<\/div>\n\t\t\t\t<div class=\"elementor-element elementor-element-fc95b77 elementor-widget elementor-widget-text-editor\" data-id=\"fc95b77\" data-element_type=\"widget\" data-widget_type=\"text-editor.default\">\n\t\t\t\t<div class=\"elementor-widget-container\">\n\t\t\t\t\t\t\t<p><span style=\"font-weight: 400;\">HIPEC \u00e9 uma sigla (do ingl\u00eas &#8216;<\/span><i><span style=\"font-weight: 400;\">Hiperthermic Intraperiotenal Chemoterapy<\/span><\/i><span style=\"font-weight: 400;\">&#8216;) para o que chamamos de quimioterapia intraperitoneal hipert\u00e9rmica. Esta modalidade de tratamento, realizada em associa\u00e7\u00e3o com a cirurgia citorredutora <\/span><span style=\"font-weight: 400;\">(colocar hiperlink para a p\u00e1gina de citorredu\u00e7\u00e3o)<\/span><span style=\"font-weight: 400;\">, tem proporcionado avan\u00e7os significativos nos cuidados m\u00e9dicos prestados a pacientes com dissemina\u00e7\u00e3o peritoneal neopl\u00e1sicas, sejam elas prim\u00e1rias ou secund\u00e1rias (metast\u00e1ticas).\u00a0<\/span><\/p>\t\t\t\t\t\t<\/div>\n\t\t\t\t<\/div>\n\t\t\t\t<\/div>\n\t\t<div class=\"elementor-element elementor-element-3033d1d e-con-full e-flex e-con e-child\" data-id=\"3033d1d\" data-element_type=\"container\">\n\t\t\t\t<div class=\"elementor-element elementor-element-66593b5 elementor-widget elementor-widget-image\" data-id=\"66593b5\" data-element_type=\"widget\" data-widget_type=\"image.default\">\n\t\t\t\t<div class=\"elementor-widget-container\">\n\t\t\t\t\t\t\t\t\t\t\t\t\t<img fetchpriority=\"high\" decoding=\"async\" width=\"550\" height=\"366\" src=\"https:\/\/www.ricorhp.com.br\/novosite\/wp-content\/uploads\/2024\/07\/HIPEC.webp\" class=\"attachment-large size-large wp-image-1228\" alt=\"\" srcset=\"https:\/\/www.ricorhp.com.br\/novosite\/wp-content\/uploads\/2024\/07\/HIPEC.webp 550w, https:\/\/www.ricorhp.com.br\/novosite\/wp-content\/uploads\/2024\/07\/HIPEC-300x200.webp 300w\" sizes=\"(max-width: 550px) 100vw, 550px\" \/>\t\t\t\t\t\t\t\t\t\t\t\t\t<\/div>\n\t\t\t\t<\/div>\n\t\t\t\t<\/div>\n\t\t\t\t\t<\/div>\n\t\t\t\t<\/div>\n\t\t<div class=\"elementor-element elementor-element-efb1fec e-flex e-con-boxed e-con e-parent\" data-id=\"efb1fec\" data-element_type=\"container\">\n\t\t\t\t\t<div class=\"e-con-inner\">\n\t\t\t\t<div class=\"elementor-element elementor-element-6347a3d elementor-widget elementor-widget-text-editor\" data-id=\"6347a3d\" data-element_type=\"widget\" data-widget_type=\"text-editor.default\">\n\t\t\t\t<div class=\"elementor-widget-container\">\n\t\t\t\t\t\t\t<p><span style=\"font-weight: 400;\">Como funciona? O HIPEC \u00e9 aplicado logo ap\u00f3s a citorredu\u00e7\u00e3o, que consiste na ressec\u00e7\u00e3o cir\u00fargica do tumor combinada ao uso de quimioterapia a uma temperatura de aproximadamente 42\u00baC no interior da cavidade abdominal do paciente. A tr\u00edade citorredu\u00e7\u00e3o, calor e quimioterapia loco-regional possibilita uma hipertermia que agrega o efeito citot\u00f3xico direto do calor sobre as c\u00e9lulas neopl\u00e1sicas, al\u00e9m de atuar em sinergismo com os agentes quimioter\u00e1picos, potencializando sua a\u00e7\u00e3o antineopl\u00e1sica.\u00a0<\/span><\/p><p><span style=\"font-weight: 400;\">Os protocolos variam de acordo com cada situa\u00e7\u00e3o cl\u00ednica mas, geralmente, incluem altas doses de mitomicina, platinas, doxorrubicina e taxanos, perfundidos pelo abd\u00f4men por 30-90 minutos a 41-43\u00b0C de temperatura, utilizando-se dispositivos espec\u00edficos de perfus\u00e3o e hipertermia.<\/span><\/p><p><span style=\"font-weight: 400;\">Como as neoplasias malignas envolvendo o perit\u00f4nio s\u00e3o um desafio para a oncologia, o tratamento HIPEC vem se tornando uma abordagem promissora na cirurgia oncol\u00f3gica, uma vez que vem trazendo resultados auspiciosos para tumores que, at\u00e9 ent\u00e3o, apresentavam alta taxa de morbimortalidade e n\u00e3o respondiam eficientemente a nenhum tratamento.\u00a0<\/span><\/p><p><span style=\"font-weight: 400;\">O Real Instituto de Cirurgia Oncol\u00f3gica \u00e9 refer\u00eancia nacional quando o assunto \u00e9 tratamento com HIPEC. Nosso time tem expertise na t\u00e9cnica, com cirurgi\u00f5es altamente qualificados para realizar o tratamento com toda a seguran\u00e7a necess\u00e1ria, al\u00e9m de contarmos com tecnologia de ponta e a infraestrutura necess\u00e1ria.<br \/><br \/><\/span><\/p><p><strong>Confira as principais indica\u00e7\u00f5es para o tratamento HIPEC:\u00a0<\/strong><\/p><ul><li><span style=\"font-weight: 400;\"> Pseudomixoma peritoneal<\/span><\/li><li><span style=\"font-weight: 400;\"> Mesotelioma peritoneal<\/span><\/li><li><span style=\"font-weight: 400;\"> Carcinoma do ap\u00eandice<\/span><\/li><li><span style=\"font-weight: 400;\"> Carcinomatose por c\u00e2ncer de ov\u00e1rio<\/span><\/li><li><span style=\"font-weight: 400;\"> Outros tumores raros<\/span><\/li><\/ul>\t\t\t\t\t\t<\/div>\n\t\t\t\t<\/div>\n\t\t\t\t\t<\/div>\n\t\t\t\t<\/div>\n\t\t\t\t<\/div>\n\t\t","protected":false},"excerpt":{"rendered":"<p>T\u00e9cnica Cirurgica HIPEC HIPEC \u00e9 uma sigla (do ingl\u00eas &#8216;Hiperthermic Intraperiotenal Chemoterapy&#8216;) para o que chamamos de quimioterapia intraperitoneal hipert\u00e9rmica. Esta modalidade de tratamento, realizada em associa\u00e7\u00e3o com a cirurgia citorredutora (colocar hiperlink para a p\u00e1gina de citorredu\u00e7\u00e3o), tem proporcionado avan\u00e7os significativos nos cuidados m\u00e9dicos prestados a pacientes com dissemina\u00e7\u00e3o peritoneal neopl\u00e1sicas, sejam elas prim\u00e1rias [&hellip;]<\/p>\n","protected":false},"author":1,"featured_media":0,"parent":0,"menu_order":0,"comment_status":"closed","ping_status":"closed","template":"elementor_header_footer","meta":{"footnotes":""},"class_list":["post-996","page","type-page","status-publish","hentry"],"_links":{"self":[{"href":"https:\/\/www.ricorhp.com.br\/novosite\/wp-json\/wp\/v2\/pages\/996","targetHints":{"allow":["GET"]}}],"collection":[{"href":"https:\/\/www.ricorhp.com.br\/novosite\/wp-json\/wp\/v2\/pages"}],"about":[{"href":"https:\/\/www.ricorhp.com.br\/novosite\/wp-json\/wp\/v2\/types\/page"}],"author":[{"embeddable":true,"href":"https:\/\/www.ricorhp.com.br\/novosite\/wp-json\/wp\/v2\/users\/1"}],"replies":[{"embeddable":true,"href":"https:\/\/www.ricorhp.com.br\/novosite\/wp-json\/wp\/v2\/comments?post=996"}],"version-history":[{"count":10,"href":"https:\/\/www.ricorhp.com.br\/novosite\/wp-json\/wp\/v2\/pages\/996\/revisions"}],"predecessor-version":[{"id":1243,"href":"https:\/\/www.ricorhp.com.br\/novosite\/wp-json\/wp\/v2\/pages\/996\/revisions\/1243"}],"wp:attachment":[{"href":"https:\/\/www.ricorhp.com.br\/novosite\/wp-json\/wp\/v2\/media?parent=996"}],"curies":[{"name":"wp","href":"https:\/\/api.w.org\/{rel}","templated":true}]}}