{"id":955,"date":"2024-05-28T13:52:54","date_gmt":"2024-05-28T13:52:54","guid":{"rendered":"https:\/\/www.ricorhp.com.br\/novosite\/?page_id=955"},"modified":"2024-07-01T03:40:31","modified_gmt":"2024-07-01T03:40:31","slug":"tecnica-cirurgica-cirurgia-laparoscopica-avancada","status":"publish","type":"page","link":"https:\/\/www.ricorhp.com.br\/novosite\/tecnica-cirurgica-cirurgia-laparoscopica-avancada\/","title":{"rendered":"T\u00e9cnica Cir\u00fargica &#8211; Cirurgia Laparosc\u00f3pica Avan\u00e7ada"},"content":{"rendered":"\t\t<div data-elementor-type=\"wp-page\" data-elementor-id=\"955\" class=\"elementor elementor-955\" data-elementor-post-type=\"page\">\n\t\t\t\t<div class=\"elementor-element elementor-element-4968802 e-flex e-con-boxed e-con e-parent\" data-id=\"4968802\" data-element_type=\"container\" data-settings=\"{&quot;background_background&quot;:&quot;classic&quot;}\">\n\t\t\t\t\t<div class=\"e-con-inner\">\n\t\t<div class=\"elementor-element elementor-element-ccd2594 e-con-full e-flex e-con e-child\" data-id=\"ccd2594\" data-element_type=\"container\" data-settings=\"{&quot;background_background&quot;:&quot;classic&quot;}\">\n\t\t\t\t<div class=\"elementor-element elementor-element-7b31238 elementor-widget elementor-widget-heading\" data-id=\"7b31238\" data-element_type=\"widget\" data-widget_type=\"heading.default\">\n\t\t\t\t<div class=\"elementor-widget-container\">\n\t\t\t<h2 class=\"elementor-heading-title elementor-size-default\">T\u00e9cnica Cir\u00fargica<\/h2>\t\t<\/div>\n\t\t\t\t<\/div>\n\t\t\t\t<div class=\"elementor-element elementor-element-7259be2 elementor-widget elementor-widget-heading\" data-id=\"7259be2\" data-element_type=\"widget\" data-widget_type=\"heading.default\">\n\t\t\t\t<div class=\"elementor-widget-container\">\n\t\t\t<h2 class=\"elementor-heading-title elementor-size-default\">Cirurgia Laparosc\u00f3pica Avan\u00e7ada<\/h2>\t\t<\/div>\n\t\t\t\t<\/div>\n\t\t\t\t<div class=\"elementor-element elementor-element-009504c elementor-widget elementor-widget-text-editor\" data-id=\"009504c\" data-element_type=\"widget\" data-widget_type=\"text-editor.default\">\n\t\t\t\t<div class=\"elementor-widget-container\">\n\t\t\t\t\t\t\t<p>A cirurgia laparosc\u00f3pica &#8211; tamb\u00e9m chamada de videolaparoscopia &#8211; \u00e9 uma t\u00e9cnica minimamente invasiva que traz diversos benef\u00edcios para o paciente. Neste procedimento s\u00e3o feitas pequenas incis\u00f5es na pele, por onde s\u00e3o inseridos instrumentos cir\u00fargicos e uma c\u00e2mera de v\u00eddeo para visualizar e realizar a opera\u00e7\u00e3o internamente. Alguns fatores relacionados ao n\u00edvel de complexidade e habilidade exigidos para realizar a interven\u00e7\u00e3o de maneira eficaz dividem a t\u00e9cnica em cirurgia laparosc\u00f3pica avan\u00e7ada e a cirurgia laparosc\u00f3pica b\u00e1sica.<\/p>\t\t\t\t\t\t<\/div>\n\t\t\t\t<\/div>\n\t\t\t\t<\/div>\n\t\t<div class=\"elementor-element elementor-element-0de2bb1 e-con-full e-flex e-con e-child\" data-id=\"0de2bb1\" data-element_type=\"container\">\n\t\t\t\t<div class=\"elementor-element elementor-element-e0f5b2d elementor-widget elementor-widget-image\" data-id=\"e0f5b2d\" data-element_type=\"widget\" data-widget_type=\"image.default\">\n\t\t\t\t<div class=\"elementor-widget-container\">\n\t\t\t\t\t\t\t\t\t\t\t\t\t<img fetchpriority=\"high\" decoding=\"async\" width=\"550\" height=\"366\" src=\"https:\/\/www.ricorhp.com.br\/novosite\/wp-content\/uploads\/2024\/07\/Cirurgia-laparoscopica-avancada.webp\" class=\"attachment-large size-large wp-image-1226\" alt=\"\" srcset=\"https:\/\/www.ricorhp.com.br\/novosite\/wp-content\/uploads\/2024\/07\/Cirurgia-laparoscopica-avancada.webp 550w, https:\/\/www.ricorhp.com.br\/novosite\/wp-content\/uploads\/2024\/07\/Cirurgia-laparoscopica-avancada-300x200.webp 300w\" sizes=\"(max-width: 550px) 100vw, 550px\" \/>\t\t\t\t\t\t\t\t\t\t\t\t\t<\/div>\n\t\t\t\t<\/div>\n\t\t\t\t<\/div>\n\t\t\t\t\t<\/div>\n\t\t\t\t<\/div>\n\t\t<div class=\"elementor-element elementor-element-adb12e0 e-flex e-con-boxed e-con e-parent\" data-id=\"adb12e0\" data-element_type=\"container\">\n\t\t\t\t\t<div class=\"e-con-inner\">\n\t\t\t\t<div class=\"elementor-element elementor-element-21e30ae elementor-widget elementor-widget-text-editor\" data-id=\"21e30ae\" data-element_type=\"widget\" data-widget_type=\"text-editor.default\">\n\t\t\t\t<div class=\"elementor-widget-container\">\n\t\t\t\t\t\t\t<p>A cirurgia laparosc\u00f3pica b\u00e1sica envolve procedimentos simples, como a remo\u00e7\u00e3o de ap\u00eandice, ves\u00edcula biliar ou h\u00e9rnias inguinais. S\u00e3o frequentemente realizadas por cirurgi\u00f5es gerais. J\u00e1 a cirurgia laparosc\u00f3pica avan\u00e7ada \u00e9 mais complexa. Dessa forma, requer mais experi\u00eancia e habilidade do cirurgi\u00e3o. Envolve processos mais complicados, como remo\u00e7\u00e3o de tumores, cirurgia de c\u00f3lon, cirurgia ginecol\u00f3gica avan\u00e7ada e cirurgia bari\u00e1trica. Esses procedimentos exigem um conhecimento mais aprofundado da anatomia, al\u00e9m, claro, de habilidades cir\u00fargicas avan\u00e7adas e capacidade de tomar decis\u00f5es r\u00e1pidas e precisas durante a cirurgia.<\/p><p>Al\u00e9m disso, a cirurgia laparosc\u00f3pica avan\u00e7ada engloba t\u00e9cnicas mais robustas, como sutura intracorp\u00f3rea (costura dentro do corpo), e dispositivos cir\u00fargicos mais complexos. Tamb\u00e9m pode ser necess\u00e1rio o uso de equipamentos especiais, como a energia laparosc\u00f3pica (por exemplo, eletrocaut\u00e9rio) para realizar certas etapas do procedimento.<\/p><p>Por sermos uma cl\u00ednica especializada em cirurgia oncol\u00f3gica, nossos procedimentos costumam ser avan\u00e7ados, com um n\u00edvel de complexidade maior. Nossos cirurgi\u00f5es s\u00e3o capacitados e experientes na realiza\u00e7\u00e3o de ambas, com t\u00e9cnicas e resultados eficazes.<\/p>\t\t\t\t\t\t<\/div>\n\t\t\t\t<\/div>\n\t\t\t\t\t<\/div>\n\t\t\t\t<\/div>\n\t\t\t\t<\/div>\n\t\t","protected":false},"excerpt":{"rendered":"<p>T\u00e9cnica Cir\u00fargica Cirurgia Laparosc\u00f3pica Avan\u00e7ada A cirurgia laparosc\u00f3pica &#8211; tamb\u00e9m chamada de videolaparoscopia &#8211; \u00e9 uma t\u00e9cnica minimamente invasiva que traz diversos benef\u00edcios para o paciente. Neste procedimento s\u00e3o feitas pequenas incis\u00f5es na pele, por onde s\u00e3o inseridos instrumentos cir\u00fargicos e uma c\u00e2mera de v\u00eddeo para visualizar e realizar a opera\u00e7\u00e3o internamente. Alguns fatores relacionados [&hellip;]<\/p>\n","protected":false},"author":1,"featured_media":0,"parent":0,"menu_order":0,"comment_status":"closed","ping_status":"closed","template":"elementor_header_footer","meta":{"footnotes":""},"class_list":["post-955","page","type-page","status-publish","hentry"],"_links":{"self":[{"href":"https:\/\/www.ricorhp.com.br\/novosite\/wp-json\/wp\/v2\/pages\/955","targetHints":{"allow":["GET"]}}],"collection":[{"href":"https:\/\/www.ricorhp.com.br\/novosite\/wp-json\/wp\/v2\/pages"}],"about":[{"href":"https:\/\/www.ricorhp.com.br\/novosite\/wp-json\/wp\/v2\/types\/page"}],"author":[{"embeddable":true,"href":"https:\/\/www.ricorhp.com.br\/novosite\/wp-json\/wp\/v2\/users\/1"}],"replies":[{"embeddable":true,"href":"https:\/\/www.ricorhp.com.br\/novosite\/wp-json\/wp\/v2\/comments?post=955"}],"version-history":[{"count":10,"href":"https:\/\/www.ricorhp.com.br\/novosite\/wp-json\/wp\/v2\/pages\/955\/revisions"}],"predecessor-version":[{"id":1237,"href":"https:\/\/www.ricorhp.com.br\/novosite\/wp-json\/wp\/v2\/pages\/955\/revisions\/1237"}],"wp:attachment":[{"href":"https:\/\/www.ricorhp.com.br\/novosite\/wp-json\/wp\/v2\/media?parent=955"}],"curies":[{"name":"wp","href":"https:\/\/api.w.org\/{rel}","templated":true}]}}