{"id":938,"date":"2024-05-28T13:32:45","date_gmt":"2024-05-28T13:32:45","guid":{"rendered":"https:\/\/www.ricorhp.com.br\/novosite\/?page_id=938"},"modified":"2024-07-01T03:44:41","modified_gmt":"2024-07-01T03:44:41","slug":"tecnica-cirurgica-whipple-robotica","status":"publish","type":"page","link":"https:\/\/www.ricorhp.com.br\/novosite\/tecnica-cirurgica-whipple-robotica\/","title":{"rendered":"T\u00e9cnica Cir\u00fargica &#8211; Whipple Rob\u00f3tica"},"content":{"rendered":"\t\t<div data-elementor-type=\"wp-page\" data-elementor-id=\"938\" class=\"elementor elementor-938\" data-elementor-post-type=\"page\">\n\t\t\t\t<div class=\"elementor-element elementor-element-4968802 e-flex e-con-boxed e-con e-parent\" data-id=\"4968802\" data-element_type=\"container\" data-settings=\"{&quot;background_background&quot;:&quot;classic&quot;}\">\n\t\t\t\t\t<div class=\"e-con-inner\">\n\t\t<div class=\"elementor-element elementor-element-ccd2594 e-con-full e-flex e-con e-child\" data-id=\"ccd2594\" data-element_type=\"container\" data-settings=\"{&quot;background_background&quot;:&quot;classic&quot;}\">\n\t\t\t\t<div class=\"elementor-element elementor-element-7b31238 elementor-widget elementor-widget-heading\" data-id=\"7b31238\" data-element_type=\"widget\" data-widget_type=\"heading.default\">\n\t\t\t\t<div class=\"elementor-widget-container\">\n\t\t\t<h2 class=\"elementor-heading-title elementor-size-default\">T\u00e9cnica Cir\u00fargica<\/h2>\t\t<\/div>\n\t\t\t\t<\/div>\n\t\t\t\t<div class=\"elementor-element elementor-element-7259be2 elementor-widget elementor-widget-heading\" data-id=\"7259be2\" data-element_type=\"widget\" data-widget_type=\"heading.default\">\n\t\t\t\t<div class=\"elementor-widget-container\">\n\t\t\t<h2 class=\"elementor-heading-title elementor-size-default\">Whipple rob\u00f3tica<\/h2>\t\t<\/div>\n\t\t\t\t<\/div>\n\t\t\t\t<div class=\"elementor-element elementor-element-009504c elementor-widget elementor-widget-text-editor\" data-id=\"009504c\" data-element_type=\"widget\" data-widget_type=\"text-editor.default\">\n\t\t\t\t<div class=\"elementor-widget-container\">\n\t\t\t\t\t\t\t<p>O RICO foi o primeiro servi\u00e7o a realizar uma Whipple totalmente rob\u00f3tica em Pernambuco. A t\u00e9cnica consiste numa cirurgia rob\u00f3tica de alta complexidade utilizada para ressec\u00e7\u00f5es de tumores malignos ou de les\u00f5es pr\u00e9-cancer\u00edgenas na cabe\u00e7a do p\u00e2ncreas.<\/p><p>O m\u00e9todo, uma alternativa \u00e0 cirurgia aberta, \u00e9 considerado pelos especialistas <strong>o que h\u00e1 de mais moderno no tratamento cir\u00fargico deste tipo de tumor maligno<\/strong>. E nossa equipe de cirurgi\u00f5es especialistas em tumores hepatobiliopancre\u00e1ticos \u00e9 altamente capacitada para realizar a t\u00e9cnica.<\/p>\t\t\t\t\t\t<\/div>\n\t\t\t\t<\/div>\n\t\t\t\t<\/div>\n\t\t<div class=\"elementor-element elementor-element-0de2bb1 e-con-full e-flex e-con e-child\" data-id=\"0de2bb1\" data-element_type=\"container\">\n\t\t\t\t<div class=\"elementor-element elementor-element-e0f5b2d elementor-widget elementor-widget-image\" data-id=\"e0f5b2d\" data-element_type=\"widget\" data-widget_type=\"image.default\">\n\t\t\t\t<div class=\"elementor-widget-container\">\n\t\t\t\t\t\t\t\t\t\t\t\t\t<img fetchpriority=\"high\" decoding=\"async\" width=\"550\" height=\"366\" src=\"https:\/\/www.ricorhp.com.br\/novosite\/wp-content\/uploads\/2024\/07\/Whipple-robotica.webp\" class=\"attachment-large size-large wp-image-1231\" alt=\"\" srcset=\"https:\/\/www.ricorhp.com.br\/novosite\/wp-content\/uploads\/2024\/07\/Whipple-robotica.webp 550w, https:\/\/www.ricorhp.com.br\/novosite\/wp-content\/uploads\/2024\/07\/Whipple-robotica-300x200.webp 300w\" sizes=\"(max-width: 550px) 100vw, 550px\" \/>\t\t\t\t\t\t\t\t\t\t\t\t\t<\/div>\n\t\t\t\t<\/div>\n\t\t\t\t<\/div>\n\t\t\t\t\t<\/div>\n\t\t\t\t<\/div>\n\t\t<div class=\"elementor-element elementor-element-704c017 e-flex e-con-boxed e-con e-parent\" data-id=\"704c017\" data-element_type=\"container\">\n\t\t\t\t\t<div class=\"e-con-inner\">\n\t\t\t\t<div class=\"elementor-element elementor-element-3088797 elementor-widget elementor-widget-text-editor\" data-id=\"3088797\" data-element_type=\"widget\" data-widget_type=\"text-editor.default\">\n\t\t\t\t<div class=\"elementor-widget-container\">\n\t\t\t\t\t\t\t<p>Na Whipple s\u00e3o feitas pequenas incis\u00f5es no paciente, por onde passam c\u00e2nulas espec\u00edficas com instrumentais cir\u00fargicos. As pin\u00e7as rob\u00f3ticas permitem a realiza\u00e7\u00e3o de movimentos delicados e o acesso a regi\u00f5es restritas.<\/p><p>A cirurgia \u00e9 realizada por meio dos bra\u00e7os rob\u00f3ticos, que reproduzem os movimentos do cirurgi\u00e3o. Este comanda tudo sentado \u00e0 frente do console.<\/p><p>Maior precis\u00e3o no procedimento, redu\u00e7\u00e3o da dor no p\u00f3s-cir\u00fargico e do tempo de interna\u00e7\u00e3o hospitalar s\u00e3o alguns dos benef\u00edcios da Whipple &#8211; e outras cirurgias rob\u00f3ticas.<\/p>\t\t\t\t\t\t<\/div>\n\t\t\t\t<\/div>\n\t\t\t\t\t<\/div>\n\t\t\t\t<\/div>\n\t\t\t\t<\/div>\n\t\t","protected":false},"excerpt":{"rendered":"<p>T\u00e9cnica Cir\u00fargica Whipple rob\u00f3tica O RICO foi o primeiro servi\u00e7o a realizar uma Whipple totalmente rob\u00f3tica em Pernambuco. A t\u00e9cnica consiste numa cirurgia rob\u00f3tica de alta complexidade utilizada para ressec\u00e7\u00f5es de tumores malignos ou de les\u00f5es pr\u00e9-cancer\u00edgenas na cabe\u00e7a do p\u00e2ncreas. O m\u00e9todo, uma alternativa \u00e0 cirurgia aberta, \u00e9 considerado pelos especialistas o que h\u00e1 [&hellip;]<\/p>\n","protected":false},"author":1,"featured_media":0,"parent":0,"menu_order":0,"comment_status":"closed","ping_status":"closed","template":"elementor_header_footer","meta":{"footnotes":""},"class_list":["post-938","page","type-page","status-publish","hentry"],"_links":{"self":[{"href":"https:\/\/www.ricorhp.com.br\/novosite\/wp-json\/wp\/v2\/pages\/938","targetHints":{"allow":["GET"]}}],"collection":[{"href":"https:\/\/www.ricorhp.com.br\/novosite\/wp-json\/wp\/v2\/pages"}],"about":[{"href":"https:\/\/www.ricorhp.com.br\/novosite\/wp-json\/wp\/v2\/types\/page"}],"author":[{"embeddable":true,"href":"https:\/\/www.ricorhp.com.br\/novosite\/wp-json\/wp\/v2\/users\/1"}],"replies":[{"embeddable":true,"href":"https:\/\/www.ricorhp.com.br\/novosite\/wp-json\/wp\/v2\/comments?post=938"}],"version-history":[{"count":8,"href":"https:\/\/www.ricorhp.com.br\/novosite\/wp-json\/wp\/v2\/pages\/938\/revisions"}],"predecessor-version":[{"id":1252,"href":"https:\/\/www.ricorhp.com.br\/novosite\/wp-json\/wp\/v2\/pages\/938\/revisions\/1252"}],"wp:attachment":[{"href":"https:\/\/www.ricorhp.com.br\/novosite\/wp-json\/wp\/v2\/media?parent=938"}],"curies":[{"name":"wp","href":"https:\/\/api.w.org\/{rel}","templated":true}]}}