{"id":527,"date":"2024-03-25T19:49:30","date_gmt":"2024-03-25T19:49:30","guid":{"rendered":"https:\/\/www.ricorhp.com.br\/novosite\/?page_id=527"},"modified":"2024-08-28T02:52:04","modified_gmt":"2024-08-28T02:52:04","slug":"quem-somos","status":"publish","type":"page","link":"https:\/\/www.ricorhp.com.br\/novosite\/quem-somos\/","title":{"rendered":"Quem Somos"},"content":{"rendered":"\t\t<div data-elementor-type=\"wp-page\" data-elementor-id=\"527\" class=\"elementor elementor-527\" data-elementor-post-type=\"page\">\n\t\t\t\t<div class=\"elementor-element elementor-element-4968802 e-flex e-con-boxed e-con e-parent\" data-id=\"4968802\" data-element_type=\"container\">\n\t\t\t\t\t<div class=\"e-con-inner\">\n\t\t<div class=\"elementor-element elementor-element-ccd2594 e-con-full e-flex e-con e-child\" data-id=\"ccd2594\" data-element_type=\"container\">\n\t\t\t\t<div class=\"elementor-element elementor-element-7b31238 elementor-widget elementor-widget-heading\" data-id=\"7b31238\" data-element_type=\"widget\" data-widget_type=\"heading.default\">\n\t\t\t\t<div class=\"elementor-widget-container\">\n\t\t\t<h2 class=\"elementor-heading-title elementor-size-default\">QUEM SOMOS<\/h2>\t\t<\/div>\n\t\t\t\t<\/div>\n\t\t\t\t<div class=\"elementor-element elementor-element-7259be2 elementor-widget elementor-widget-heading\" data-id=\"7259be2\" data-element_type=\"widget\" data-widget_type=\"heading.default\">\n\t\t\t\t<div class=\"elementor-widget-container\">\n\t\t\t<h2 class=\"elementor-heading-title elementor-size-default\">Excel\u00eancia em Oncologia<\/h2>\t\t<\/div>\n\t\t\t\t<\/div>\n\t\t\t\t<div class=\"elementor-element elementor-element-009504c elementor-widget elementor-widget-text-editor\" data-id=\"009504c\" data-element_type=\"widget\" data-widget_type=\"text-editor.default\">\n\t\t\t\t<div class=\"elementor-widget-container\">\n\t\t\t\t\t\t\t<p>Uma equipe de cirurgi\u00f5es com 11 anos de atua\u00e7\u00e3o, capacitados e experientes para entender o melhor momento e a melhor forma de conduzir o tratamento cir\u00fargico de pacientes com c\u00e2ncer.<\/p>\t\t\t\t\t\t<\/div>\n\t\t\t\t<\/div>\n\t\t\t\t<\/div>\n\t\t<div class=\"elementor-element elementor-element-0de2bb1 e-con-full e-flex e-con e-child\" data-id=\"0de2bb1\" data-element_type=\"container\">\n\t\t\t\t<div class=\"elementor-element elementor-element-b875142 elementor-widget elementor-widget-image\" data-id=\"b875142\" data-element_type=\"widget\" data-widget_type=\"image.default\">\n\t\t\t\t<div class=\"elementor-widget-container\">\n\t\t\t\t\t\t\t\t\t\t\t\t\t<img fetchpriority=\"high\" decoding=\"async\" width=\"650\" height=\"493\" src=\"https:\/\/www.ricorhp.com.br\/novosite\/wp-content\/uploads\/2024\/03\/medicos-rico-reunidos-min.png\" class=\"attachment-large size-large wp-image-523\" alt=\"\" srcset=\"https:\/\/www.ricorhp.com.br\/novosite\/wp-content\/uploads\/2024\/03\/medicos-rico-reunidos-min.png 650w, https:\/\/www.ricorhp.com.br\/novosite\/wp-content\/uploads\/2024\/03\/medicos-rico-reunidos-min-300x228.png 300w\" sizes=\"(max-width: 650px) 100vw, 650px\" \/>\t\t\t\t\t\t\t\t\t\t\t\t\t<\/div>\n\t\t\t\t<\/div>\n\t\t\t\t<\/div>\n\t\t\t\t\t<\/div>\n\t\t\t\t<\/div>\n\t\t<div class=\"elementor-element elementor-element-cb1efdb e-flex e-con-boxed e-con e-parent\" data-id=\"cb1efdb\" data-element_type=\"container\">\n\t\t\t\t\t<div class=\"e-con-inner\">\n\t\t<div class=\"elementor-element elementor-element-7869b4b e-con-full e-flex e-con e-child\" data-id=\"7869b4b\" data-element_type=\"container\">\n\t\t\t\t<div class=\"elementor-element elementor-element-9ef9c12 elementor-widget elementor-widget-image\" data-id=\"9ef9c12\" data-element_type=\"widget\" data-widget_type=\"image.default\">\n\t\t\t\t<div class=\"elementor-widget-container\">\n\t\t\t\t\t\t\t\t\t\t\t\t\t<img decoding=\"async\" width=\"640\" height=\"480\" src=\"https:\/\/www.ricorhp.com.br\/novosite\/wp-content\/uploads\/2024\/03\/Quem-somos-001.jpg\" class=\"attachment-large size-large wp-image-856\" alt=\"\" srcset=\"https:\/\/www.ricorhp.com.br\/novosite\/wp-content\/uploads\/2024\/03\/Quem-somos-001.jpg 640w, https:\/\/www.ricorhp.com.br\/novosite\/wp-content\/uploads\/2024\/03\/Quem-somos-001-300x225.jpg 300w\" sizes=\"(max-width: 640px) 100vw, 640px\" \/>\t\t\t\t\t\t\t\t\t\t\t\t\t<\/div>\n\t\t\t\t<\/div>\n\t\t\t\t<\/div>\n\t\t<div class=\"elementor-element elementor-element-10fe594 e-con-full e-flex e-con e-child\" data-id=\"10fe594\" data-element_type=\"container\">\n\t\t\t\t<div class=\"elementor-element elementor-element-afa962e elementor-widget elementor-widget-text-editor\" data-id=\"afa962e\" data-element_type=\"widget\" data-widget_type=\"text-editor.default\">\n\t\t\t\t<div class=\"elementor-widget-container\">\n\t\t\t\t\t\t\t<p>O Real Instituto de Cirurgia Oncol\u00f3gica (RICO) \u00e9 composto por um time de profissionais especialistas de diversas \u00e1reas, como: cirurgi\u00f5es oncol\u00f3gicos, cirurgi\u00f5es de aparelho digestivo, t\u00e9cnicos de enfermagem, nutricionistas, instrumentadores cir\u00fargicos.<\/p><p>Al\u00e9m desse time de experts, nossos pacientes podem contar com toda nossa rede de apoio composta por oncologistas cl\u00ednicos, radioterapeutas, patologistas, ginecologistas, dermatologistas, psic\u00f3logos, treinados para lidar com os desafios do paciente oncol\u00f3gico.<\/p>\t\t\t\t\t\t<\/div>\n\t\t\t\t<\/div>\n\t\t\t\t<\/div>\n\t\t\t\t\t<\/div>\n\t\t\t\t<\/div>\n\t\t<div class=\"elementor-element elementor-element-aa3be84 e-flex e-con-boxed e-con e-parent\" data-id=\"aa3be84\" data-element_type=\"container\">\n\t\t\t\t\t<div class=\"e-con-inner\">\n\t\t<div class=\"elementor-element elementor-element-c1ffa0b e-con-full e-flex e-con e-child\" data-id=\"c1ffa0b\" data-element_type=\"container\">\n\t\t\t\t<div class=\"elementor-element elementor-element-2cd2ba6 elementor-widget elementor-widget-text-editor\" data-id=\"2cd2ba6\" data-element_type=\"widget\" data-widget_type=\"text-editor.default\">\n\t\t\t\t<div class=\"elementor-widget-container\">\n\t\t\t\t\t\t\t<p>Os estudos na \u00e1rea t\u00eam comprovado que uma abordagem multidisciplinar proporciona mais ades\u00e3o ao tratamento do c\u00e2ncer, al\u00e9m de melhoria na qualidade de vida, otimiza\u00e7\u00e3o no tempo de tratamento e outros benef\u00edcios.<\/p>\t\t\t\t\t\t<\/div>\n\t\t\t\t<\/div>\n\t\t\t\t<\/div>\n\t\t<div class=\"elementor-element elementor-element-5ac2113 e-con-full e-flex e-con e-child\" data-id=\"5ac2113\" data-element_type=\"container\">\n\t\t\t\t<div class=\"elementor-element elementor-element-989983f elementor-widget elementor-widget-image\" data-id=\"989983f\" data-element_type=\"widget\" data-widget_type=\"image.default\">\n\t\t\t\t<div class=\"elementor-widget-container\">\n\t\t\t\t\t\t\t\t\t\t\t\t\t<img decoding=\"async\" width=\"640\" height=\"480\" src=\"https:\/\/www.ricorhp.com.br\/novosite\/wp-content\/uploads\/2024\/03\/Quem-somos-002.jpg\" class=\"attachment-large size-large wp-image-859\" alt=\"\" srcset=\"https:\/\/www.ricorhp.com.br\/novosite\/wp-content\/uploads\/2024\/03\/Quem-somos-002.jpg 640w, https:\/\/www.ricorhp.com.br\/novosite\/wp-content\/uploads\/2024\/03\/Quem-somos-002-300x225.jpg 300w\" sizes=\"(max-width: 640px) 100vw, 640px\" \/>\t\t\t\t\t\t\t\t\t\t\t\t\t<\/div>\n\t\t\t\t<\/div>\n\t\t\t\t<\/div>\n\t\t\t\t\t<\/div>\n\t\t\t\t<\/div>\n\t\t\t\t<\/div>\n\t\t","protected":false},"excerpt":{"rendered":"<p>QUEM SOMOS Excel\u00eancia em Oncologia Uma equipe de cirurgi\u00f5es com 11 anos de atua\u00e7\u00e3o, capacitados e experientes para entender o melhor momento e a melhor forma de conduzir o tratamento cir\u00fargico de pacientes com c\u00e2ncer. O Real Instituto de Cirurgia Oncol\u00f3gica (RICO) \u00e9 composto por um time de profissionais especialistas de diversas \u00e1reas, como: cirurgi\u00f5es [&hellip;]<\/p>\n","protected":false},"author":1,"featured_media":0,"parent":0,"menu_order":0,"comment_status":"closed","ping_status":"closed","template":"elementor_header_footer","meta":{"footnotes":""},"class_list":["post-527","page","type-page","status-publish","hentry"],"_links":{"self":[{"href":"https:\/\/www.ricorhp.com.br\/novosite\/wp-json\/wp\/v2\/pages\/527","targetHints":{"allow":["GET"]}}],"collection":[{"href":"https:\/\/www.ricorhp.com.br\/novosite\/wp-json\/wp\/v2\/pages"}],"about":[{"href":"https:\/\/www.ricorhp.com.br\/novosite\/wp-json\/wp\/v2\/types\/page"}],"author":[{"embeddable":true,"href":"https:\/\/www.ricorhp.com.br\/novosite\/wp-json\/wp\/v2\/users\/1"}],"replies":[{"embeddable":true,"href":"https:\/\/www.ricorhp.com.br\/novosite\/wp-json\/wp\/v2\/comments?post=527"}],"version-history":[{"count":46,"href":"https:\/\/www.ricorhp.com.br\/novosite\/wp-json\/wp\/v2\/pages\/527\/revisions"}],"predecessor-version":[{"id":1263,"href":"https:\/\/www.ricorhp.com.br\/novosite\/wp-json\/wp\/v2\/pages\/527\/revisions\/1263"}],"wp:attachment":[{"href":"https:\/\/www.ricorhp.com.br\/novosite\/wp-json\/wp\/v2\/media?parent=527"}],"curies":[{"name":"wp","href":"https:\/\/api.w.org\/{rel}","templated":true}]}}