{"id":1135,"date":"2024-06-30T22:19:27","date_gmt":"2024-06-30T22:19:27","guid":{"rendered":"https:\/\/www.ricorhp.com.br\/novosite\/?page_id=1135"},"modified":"2024-06-30T22:28:41","modified_gmt":"2024-06-30T22:28:41","slug":"cuidados-pre-operatorio","status":"publish","type":"page","link":"https:\/\/www.ricorhp.com.br\/novosite\/cuidados-pre-operatorio\/","title":{"rendered":"Cuidados &#8211; Pr\u00e9-operat\u00f3rio"},"content":{"rendered":"\t\t<div data-elementor-type=\"wp-page\" data-elementor-id=\"1135\" class=\"elementor elementor-1135\" data-elementor-post-type=\"page\">\n\t\t\t\t<div class=\"elementor-element elementor-element-5c28e47 e-flex e-con-boxed e-con e-parent\" data-id=\"5c28e47\" data-element_type=\"container\" data-settings=\"{&quot;background_background&quot;:&quot;classic&quot;}\">\n\t\t\t\t\t<div class=\"e-con-inner\">\n\t\t<div class=\"elementor-element elementor-element-fee5e8d e-con-full e-flex e-con e-child\" data-id=\"fee5e8d\" data-element_type=\"container\" data-settings=\"{&quot;background_background&quot;:&quot;classic&quot;}\">\n\t\t\t\t<div class=\"elementor-element elementor-element-f83730b elementor-widget elementor-widget-heading\" data-id=\"f83730b\" data-element_type=\"widget\" data-widget_type=\"heading.default\">\n\t\t\t\t<div class=\"elementor-widget-container\">\n\t\t\t<h2 class=\"elementor-heading-title elementor-size-default\">Cuidados<\/h2>\t\t<\/div>\n\t\t\t\t<\/div>\n\t\t\t\t<div class=\"elementor-element elementor-element-595c10b elementor-widget elementor-widget-heading\" data-id=\"595c10b\" data-element_type=\"widget\" data-widget_type=\"heading.default\">\n\t\t\t\t<div class=\"elementor-widget-container\">\n\t\t\t<h2 class=\"elementor-heading-title elementor-size-default\">Pr\u00e9-operat\u00f3rio <\/h2>\t\t<\/div>\n\t\t\t\t<\/div>\n\t\t\t\t<div class=\"elementor-element elementor-element-be7f7e3 elementor-widget elementor-widget-text-editor\" data-id=\"be7f7e3\" data-element_type=\"widget\" data-widget_type=\"text-editor.default\">\n\t\t\t\t<div class=\"elementor-widget-container\">\n\t\t\t\t\t\t\t<p><span style=\"font-weight: 400;\">A cirurgia inicia-se semanas antes do procedimento propriamente dito. Neste per\u00edodo que antecede a cirurgia \u00e9 fundamental que o paciente siga os <\/span><b>cuidados pr\u00e9-operat\u00f3rios<\/b><span style=\"font-weight: 400;\"> recomendados pelo cirurgi\u00e3o e demais especialistas da equipe multidisciplinar que acompanha o processo. Ao seguir todas as orienta\u00e7\u00f5es, as chances para uma cirurgia bem-sucedida s\u00e3o bem maiores, al\u00e9m de contribuir para uma recupera\u00e7\u00e3o mais r\u00e1pida.<\/span><\/p>\t\t\t\t\t\t<\/div>\n\t\t\t\t<\/div>\n\t\t\t\t<\/div>\n\t\t<div class=\"elementor-element elementor-element-f095b82 e-con-full e-flex e-con e-child\" data-id=\"f095b82\" data-element_type=\"container\">\n\t\t\t\t<div class=\"elementor-element elementor-element-a1b52bd elementor-widget elementor-widget-image\" data-id=\"a1b52bd\" data-element_type=\"widget\" data-widget_type=\"image.default\">\n\t\t\t\t<div class=\"elementor-widget-container\">\n\t\t\t\t\t\t\t\t\t\t\t\t\t<img decoding=\"async\" src=\"https:\/\/www.ricorhp.com.br\/novosite\/wp-content\/plugins\/elementor\/assets\/images\/placeholder.png\" title=\"\" alt=\"\" loading=\"lazy\" \/>\t\t\t\t\t\t\t\t\t\t\t\t\t<\/div>\n\t\t\t\t<\/div>\n\t\t\t\t<\/div>\n\t\t\t\t\t<\/div>\n\t\t\t\t<\/div>\n\t\t<div class=\"elementor-element elementor-element-96fc2d1 e-flex e-con-boxed e-con e-parent\" data-id=\"96fc2d1\" data-element_type=\"container\">\n\t\t\t\t\t<div class=\"e-con-inner\">\n\t\t\t\t<div class=\"elementor-element elementor-element-962f697 elementor-widget elementor-widget-text-editor\" data-id=\"962f697\" data-element_type=\"widget\" data-widget_type=\"text-editor.default\">\n\t\t\t\t<div class=\"elementor-widget-container\">\n\t\t\t\t\t\t\t<p><span style=\"font-weight: 400;\">Al\u00e9m dos cuidados pr\u00e9-operat\u00f3rios mais importantes (<\/span><i><span style=\"font-weight: 400;\">preparamos um material especial para nossos pacientes com as principais recomenda\u00e7\u00f5es para o pr\u00e9 e p\u00f3s-operat\u00f3rio. Siga at\u00e9 o fim da p\u00e1gina para baixar o documento<\/span><\/i><span style=\"font-weight: 400;\">), alguns cuidados precisam ser adotados antes da interna\u00e7\u00e3o para evitar que o procedimento cir\u00fargico precise ser cancelado. Confira:<\/span><\/p><ul><li><span style=\"font-weight: 400;\"> Seguir o jejum pr\u00e9-operat\u00f3rio prescrito em consult\u00f3rio por seu cirurgi\u00e3o\/anestesista;<br \/><\/span><\/li><li><span style=\"font-weight: 400;\">N\u00e3o fumar ou ingerir bebidas alco\u00f3licas nas 24 horas que antecedem o procedimento;<\/span><\/li><li><span style=\"font-weight: 400;\">Tomar banho no dia do procedimento o mais pr\u00f3ximo poss\u00edvel do hor\u00e1rio de sair de caso. Se for lavar o cabelo, ele n\u00e3o pode estar molhado ou \u00famido na interna\u00e7\u00e3o. Tamb\u00e9m n\u00e3o deve-se usar produtos que deixam os fios com res\u00edduos, como, por exemplo, creme para pentear, spray de fixa\u00e7\u00e3o, entre outros;<\/span><\/li><li><span style=\"font-weight: 400;\">Remover aplique\/extens\u00e3o de cabelos (incluindo dreads) e c\u00edlios, fixados ao corpo, assim como unhas artificiais;<\/span><\/li><li><span style=\"font-weight: 400;\">N\u00e3o utilizar esmalte ou maquiagem;<\/span><\/li><li><span style=\"font-weight: 400;\">N\u00e3o utilizar nenhum acess\u00f3rio, como anel, alian\u00e7a, brinco, piercing, corrente e rel\u00f3gio, durante a interna\u00e7\u00e3o.\u00a0<br \/><br \/><\/span><\/li><\/ul><p><span style=\"font-weight: 400;\">Buscando deixar nossos pacientes mais tranquilos e com as principais informa\u00e7\u00f5es para os cuidados pr\u00e9 e p\u00f3s-operat\u00f3rios, o RICO preparou um documento autoexplicativo para te auxiliar durante este processo. As informa\u00e7\u00f5es foram compiladas com base em material do Col\u00e9gio Brasileiro de Cirurgi\u00f5es (CBC), a maior entidade de cirurgi\u00f5es da Am\u00e9rica Latina.\u00a0<\/span><\/p>\t\t\t\t\t\t<\/div>\n\t\t\t\t<\/div>\n\t\t\t\t<div class=\"elementor-element elementor-element-0cad989 elementor-widget elementor-widget-button\" data-id=\"0cad989\" data-element_type=\"widget\" data-widget_type=\"button.default\">\n\t\t\t\t<div class=\"elementor-widget-container\">\n\t\t\t\t\t\t\t<div class=\"elementor-button-wrapper\">\n\t\t\t\t\t<a class=\"elementor-button elementor-button-link elementor-size-sm\" href=\"https:\/\/www.ricorhp.com.br\/novosite\/infografico-pre-pos-operatorio-rico\/\" target=\"_blank\">\n\t\t\t\t\t\t<span class=\"elementor-button-content-wrapper\">\n\t\t\t\t\t\t\t\t\t<span class=\"elementor-button-text\">Clique aqui para baixar o arquivo.<\/span>\n\t\t\t\t\t<\/span>\n\t\t\t\t\t<\/a>\n\t\t\t\t<\/div>\n\t\t\t\t\t\t<\/div>\n\t\t\t\t<\/div>\n\t\t\t\t<div class=\"elementor-element elementor-element-382bcf5 elementor-widget elementor-widget-spacer\" data-id=\"382bcf5\" data-element_type=\"widget\" data-widget_type=\"spacer.default\">\n\t\t\t\t<div class=\"elementor-widget-container\">\n\t\t\t\t\t<div class=\"elementor-spacer\">\n\t\t\t<div class=\"elementor-spacer-inner\"><\/div>\n\t\t<\/div>\n\t\t\t\t<\/div>\n\t\t\t\t<\/div>\n\t\t\t\t\t<\/div>\n\t\t\t\t<\/div>\n\t\t\t\t<\/div>\n\t\t","protected":false},"excerpt":{"rendered":"<p>Cuidados Pr\u00e9-operat\u00f3rio A cirurgia inicia-se semanas antes do procedimento propriamente dito. Neste per\u00edodo que antecede a cirurgia \u00e9 fundamental que o paciente siga os cuidados pr\u00e9-operat\u00f3rios recomendados pelo cirurgi\u00e3o e demais especialistas da equipe multidisciplinar que acompanha o processo. Ao seguir todas as orienta\u00e7\u00f5es, as chances para uma cirurgia bem-sucedida s\u00e3o bem maiores, al\u00e9m de [&hellip;]<\/p>\n","protected":false},"author":1,"featured_media":0,"parent":0,"menu_order":0,"comment_status":"closed","ping_status":"closed","template":"elementor_header_footer","meta":{"footnotes":""},"class_list":["post-1135","page","type-page","status-publish","hentry"],"_links":{"self":[{"href":"https:\/\/www.ricorhp.com.br\/novosite\/wp-json\/wp\/v2\/pages\/1135","targetHints":{"allow":["GET"]}}],"collection":[{"href":"https:\/\/www.ricorhp.com.br\/novosite\/wp-json\/wp\/v2\/pages"}],"about":[{"href":"https:\/\/www.ricorhp.com.br\/novosite\/wp-json\/wp\/v2\/types\/page"}],"author":[{"embeddable":true,"href":"https:\/\/www.ricorhp.com.br\/novosite\/wp-json\/wp\/v2\/users\/1"}],"replies":[{"embeddable":true,"href":"https:\/\/www.ricorhp.com.br\/novosite\/wp-json\/wp\/v2\/comments?post=1135"}],"version-history":[{"count":22,"href":"https:\/\/www.ricorhp.com.br\/novosite\/wp-json\/wp\/v2\/pages\/1135\/revisions"}],"predecessor-version":[{"id":1159,"href":"https:\/\/www.ricorhp.com.br\/novosite\/wp-json\/wp\/v2\/pages\/1135\/revisions\/1159"}],"wp:attachment":[{"href":"https:\/\/www.ricorhp.com.br\/novosite\/wp-json\/wp\/v2\/media?parent=1135"}],"curies":[{"name":"wp","href":"https:\/\/api.w.org\/{rel}","templated":true}]}}