{"id":1114,"date":"2024-06-30T22:02:26","date_gmt":"2024-06-30T22:02:26","guid":{"rendered":"https:\/\/www.ricorhp.com.br\/novosite\/?page_id=1114"},"modified":"2024-09-16T04:17:47","modified_gmt":"2024-09-16T04:17:47","slug":"pesquisa","status":"publish","type":"page","link":"https:\/\/www.ricorhp.com.br\/novosite\/pesquisa\/","title":{"rendered":"Pesquisa"},"content":{"rendered":"\t\t<div data-elementor-type=\"wp-page\" data-elementor-id=\"1114\" class=\"elementor elementor-1114\" data-elementor-post-type=\"page\">\n\t\t\t\t<div class=\"elementor-element elementor-element-2632102 e-flex e-con-boxed e-con e-parent\" data-id=\"2632102\" data-element_type=\"container\" data-settings=\"{&quot;background_background&quot;:&quot;classic&quot;}\">\n\t\t\t\t\t<div class=\"e-con-inner\">\n\t\t<div class=\"elementor-element elementor-element-2923063 e-con-full e-flex e-con e-child\" data-id=\"2923063\" data-element_type=\"container\" data-settings=\"{&quot;background_background&quot;:&quot;classic&quot;}\">\n\t\t\t\t<div class=\"elementor-element elementor-element-f64d71f elementor-widget elementor-widget-heading\" data-id=\"f64d71f\" data-element_type=\"widget\" data-widget_type=\"heading.default\">\n\t\t\t\t<div class=\"elementor-widget-container\">\n\t\t\t<h2 class=\"elementor-heading-title elementor-size-default\">PESQUISA<\/h2>\t\t<\/div>\n\t\t\t\t<\/div>\n\t\t\t\t<div class=\"elementor-element elementor-element-204df8f elementor-widget elementor-widget-text-editor\" data-id=\"204df8f\" data-element_type=\"widget\" data-widget_type=\"text-editor.default\">\n\t\t\t\t<div class=\"elementor-widget-container\">\n\t\t\t\t\t\t\t<p><span style=\"font-weight: 400;\">A pesquisa \u00e9 uma \u00e1rea fundamental para o avan\u00e7o da medicina, principalmente para a oncologia. Os estudos cient\u00edficos, entre v\u00e1rios benef\u00edcios, possibilitam a implementa\u00e7\u00e3o de novos tratamentos e maior acesso da popula\u00e7\u00e3o aos servi\u00e7os de sa\u00fade.\u00a0<\/span><\/p><p><span style=\"font-weight: 400;\">O grupo de especialistas que integra o Real Instituto de Cirurgia Oncol\u00f3gica (RICO) \u00e9 fortemente dedicado \u00e0 pesquisa cient\u00edfica. Estamos sempre envolvidos em investiga\u00e7\u00f5es minuciosas na nossa \u00e1rea de expertise para proporcionar os melhores tratamentos cir\u00fargicos para os pacientes com c\u00e2ncer. <\/span><\/p>\t\t\t\t\t\t<\/div>\n\t\t\t\t<\/div>\n\t\t\t\t<\/div>\n\t\t<div class=\"elementor-element elementor-element-4591e99 e-con-full e-flex e-con e-child\" data-id=\"4591e99\" data-element_type=\"container\">\n\t\t\t\t<div class=\"elementor-element elementor-element-8f154bd elementor-widget elementor-widget-image\" data-id=\"8f154bd\" data-element_type=\"widget\" data-widget_type=\"image.default\">\n\t\t\t\t<div class=\"elementor-widget-container\">\n\t\t\t\t\t\t\t\t\t\t\t\t\t<img fetchpriority=\"high\" decoding=\"async\" width=\"640\" height=\"480\" src=\"https:\/\/www.ricorhp.com.br\/novosite\/wp-content\/uploads\/2024\/09\/Pesquisa-001.webp\" class=\"attachment-large size-large wp-image-1308\" alt=\"\" srcset=\"https:\/\/www.ricorhp.com.br\/novosite\/wp-content\/uploads\/2024\/09\/Pesquisa-001.webp 640w, https:\/\/www.ricorhp.com.br\/novosite\/wp-content\/uploads\/2024\/09\/Pesquisa-001-300x225.webp 300w\" sizes=\"(max-width: 640px) 100vw, 640px\" \/>\t\t\t\t\t\t\t\t\t\t\t\t\t<\/div>\n\t\t\t\t<\/div>\n\t\t\t\t<\/div>\n\t\t\t\t\t<\/div>\n\t\t\t\t<\/div>\n\t\t<div class=\"elementor-element elementor-element-9e3425e e-flex e-con-boxed e-con e-parent\" data-id=\"9e3425e\" data-element_type=\"container\">\n\t\t\t\t\t<div class=\"e-con-inner\">\n\t\t\t\t<div class=\"elementor-element elementor-element-d1da1c2 elementor-widget elementor-widget-spacer\" data-id=\"d1da1c2\" data-element_type=\"widget\" data-widget_type=\"spacer.default\">\n\t\t\t\t<div class=\"elementor-widget-container\">\n\t\t\t\t\t<div class=\"elementor-spacer\">\n\t\t\t<div class=\"elementor-spacer-inner\"><\/div>\n\t\t<\/div>\n\t\t\t\t<\/div>\n\t\t\t\t<\/div>\n\t\t\t\t<div class=\"elementor-element elementor-element-18021ac elementor-widget elementor-widget-text-editor\" data-id=\"18021ac\" data-element_type=\"widget\" data-widget_type=\"text-editor.default\">\n\t\t\t\t<div class=\"elementor-widget-container\">\n\t\t\t\t\t\t\t<p><span style=\"font-weight: 400;\">Nosso time de cirurgi\u00f5es est\u00e1 devidamente filiado \u00e0s mais diversas entidades m\u00e9dicas representantes das especialidades que tratamos. Sociedade Brasileira de Cirurgia Oncol\u00f3gica (SBCO), Col\u00e9gio Brasileiro de Cirurgi\u00f5es (CBC), Grupo Brasileiro de Melanoma (GBM), Col\u00e9gio Brasileiro de Cirurgia Digestiva (CBCD), Grupo Brasileiro de Sarcomas (GBS) e Col\u00e9gio Brasileiro de Cirurgia Hepato Pancreato Biliar (CBCHPB) s\u00e3o algumas das mais importantes associa\u00e7\u00f5es m\u00e9dicas \u00e0s quais estamos vinculadas e atuamos como membros ativos.\u00a0<\/span><\/p><p><span style=\"font-weight: 400;\">Estar vinculado \u00e0s entidades cient\u00edficas de classe \u00e9 essencial, refor\u00e7ando o comprometimento do profissional na atualiza\u00e7\u00e3o t\u00e9cnica e o envolvimento nas discuss\u00f5es de sa\u00fade.\u00a0<\/span><\/p><p><span style=\"font-weight: 400;\">Confira alguns dos artigos j\u00e1 publicados pela equipe RICO: <\/span><\/p>\t\t\t\t\t\t<\/div>\n\t\t\t\t<\/div>\n\t\t\t\t<div class=\"elementor-element elementor-element-00305b6 elementor-widget elementor-widget-spacer\" data-id=\"00305b6\" data-element_type=\"widget\" data-widget_type=\"spacer.default\">\n\t\t\t\t<div class=\"elementor-widget-container\">\n\t\t\t\t\t<div class=\"elementor-spacer\">\n\t\t\t<div class=\"elementor-spacer-inner\"><\/div>\n\t\t<\/div>\n\t\t\t\t<\/div>\n\t\t\t\t<\/div>\n\t\t\t\t<div class=\"elementor-element elementor-element-9a825ba elementor-icon-list--layout-traditional elementor-list-item-link-full_width elementor-widget elementor-widget-icon-list\" data-id=\"9a825ba\" data-element_type=\"widget\" data-widget_type=\"icon-list.default\">\n\t\t\t\t<div class=\"elementor-widget-container\">\n\t\t\t\t\t<ul class=\"elementor-icon-list-items\">\n\t\t\t\t\t\t\t<li class=\"elementor-icon-list-item\">\n\t\t\t\t\t\t\t\t\t\t\t<a href=\"https:\/\/www.ricorhp.com.br\/novosite\/expressao-sox2-e-stat3-em-linfocitos-t-no-cancer-de-mama-localmente-avancado-e-metastatico\/\" target=\"_blank\">\n\n\t\t\t\t\t\t\t\t\t\t\t\t<span class=\"elementor-icon-list-icon\">\n\t\t\t\t\t\t\t<svg aria-hidden=\"true\" class=\"e-font-icon-svg e-fas-file-pdf\" viewBox=\"0 0 384 512\" xmlns=\"http:\/\/www.w3.org\/2000\/svg\"><path d=\"M181.9 256.1c-5-16-4.9-46.9-2-46.9 8.4 0 7.6 36.9 2 46.9zm-1.7 47.2c-7.7 20.2-17.3 43.3-28.4 62.7 18.3-7 39-17.2 62.9-21.9-12.7-9.6-24.9-23.4-34.5-40.8zM86.1 428.1c0 .8 13.2-5.4 34.9-40.2-6.7 6.3-29.1 24.5-34.9 40.2zM248 160h136v328c0 13.3-10.7 24-24 24H24c-13.3 0-24-10.7-24-24V24C0 10.7 10.7 0 24 0h200v136c0 13.2 10.8 24 24 24zm-8 171.8c-20-12.2-33.3-29-42.7-53.8 4.5-18.5 11.6-46.6 6.2-64.2-4.7-29.4-42.4-26.5-47.8-6.8-5 18.3-.4 44.1 8.1 77-11.6 27.6-28.7 64.6-40.8 85.8-.1 0-.1.1-.2.1-27.1 13.9-73.6 44.5-54.5 68 5.6 6.9 16 10 21.5 10 17.9 0 35.7-18 61.1-61.8 25.8-8.5 54.1-19.1 79-23.2 21.7 11.8 47.1 19.5 64 19.5 29.2 0 31.2-32 19.7-43.4-13.9-13.6-54.3-9.7-73.6-7.2zM377 105L279 7c-4.5-4.5-10.6-7-17-7h-6v128h128v-6.1c0-6.3-2.5-12.4-7-16.9zm-74.1 255.3c4.1-2.7-2.5-11.9-42.8-9 37.1 15.8 42.8 9 42.8 9z\"><\/path><\/svg>\t\t\t\t\t\t<\/span>\n\t\t\t\t\t\t\t\t\t\t<span class=\"elementor-icon-list-text\">Expressa\u0303o SOX2 e STAT3 em linfo\u0301citos T no ca\u0302ncer de mama localmente avanc\u0327ado e metasta\u0301tico (em ingl\u00eas)<\/span>\n\t\t\t\t\t\t\t\t\t\t\t<\/a>\n\t\t\t\t\t\t\t\t\t<\/li>\n\t\t\t\t\t\t\t\t<li class=\"elementor-icon-list-item\">\n\t\t\t\t\t\t\t\t\t\t\t<a href=\"https:\/\/www.ricorhp.com.br\/novosite\/sarcopenia-e-acuracia-em-cirurgia-cancer-colorretal\/\" target=\"_blank\">\n\n\t\t\t\t\t\t\t\t\t\t\t\t<span class=\"elementor-icon-list-icon\">\n\t\t\t\t\t\t\t<svg aria-hidden=\"true\" class=\"e-font-icon-svg e-fas-file-pdf\" viewBox=\"0 0 384 512\" xmlns=\"http:\/\/www.w3.org\/2000\/svg\"><path d=\"M181.9 256.1c-5-16-4.9-46.9-2-46.9 8.4 0 7.6 36.9 2 46.9zm-1.7 47.2c-7.7 20.2-17.3 43.3-28.4 62.7 18.3-7 39-17.2 62.9-21.9-12.7-9.6-24.9-23.4-34.5-40.8zM86.1 428.1c0 .8 13.2-5.4 34.9-40.2-6.7 6.3-29.1 24.5-34.9 40.2zM248 160h136v328c0 13.3-10.7 24-24 24H24c-13.3 0-24-10.7-24-24V24C0 10.7 10.7 0 24 0h200v136c0 13.2 10.8 24 24 24zm-8 171.8c-20-12.2-33.3-29-42.7-53.8 4.5-18.5 11.6-46.6 6.2-64.2-4.7-29.4-42.4-26.5-47.8-6.8-5 18.3-.4 44.1 8.1 77-11.6 27.6-28.7 64.6-40.8 85.8-.1 0-.1.1-.2.1-27.1 13.9-73.6 44.5-54.5 68 5.6 6.9 16 10 21.5 10 17.9 0 35.7-18 61.1-61.8 25.8-8.5 54.1-19.1 79-23.2 21.7 11.8 47.1 19.5 64 19.5 29.2 0 31.2-32 19.7-43.4-13.9-13.6-54.3-9.7-73.6-7.2zM377 105L279 7c-4.5-4.5-10.6-7-17-7h-6v128h128v-6.1c0-6.3-2.5-12.4-7-16.9zm-74.1 255.3c4.1-2.7-2.5-11.9-42.8-9 37.1 15.8 42.8 9 42.8 9z\"><\/path><\/svg>\t\t\t\t\t\t<\/span>\n\t\t\t\t\t\t\t\t\t\t<span class=\"elementor-icon-list-text\">Sarcopenia e acuracia em cirurgia cancer colorretal (em ingl\u00eas)<\/span>\n\t\t\t\t\t\t\t\t\t\t\t<\/a>\n\t\t\t\t\t\t\t\t\t<\/li>\n\t\t\t\t\t\t<\/ul>\n\t\t\t\t<\/div>\n\t\t\t\t<\/div>\n\t\t\t\t<div class=\"elementor-element elementor-element-35a017d elementor-widget elementor-widget-spacer\" data-id=\"35a017d\" data-element_type=\"widget\" data-widget_type=\"spacer.default\">\n\t\t\t\t<div class=\"elementor-widget-container\">\n\t\t\t\t\t<div class=\"elementor-spacer\">\n\t\t\t<div class=\"elementor-spacer-inner\"><\/div>\n\t\t<\/div>\n\t\t\t\t<\/div>\n\t\t\t\t<\/div>\n\t\t\t\t\t<\/div>\n\t\t\t\t<\/div>\n\t\t\t\t<\/div>\n\t\t","protected":false},"excerpt":{"rendered":"<p>PESQUISA A pesquisa \u00e9 uma \u00e1rea fundamental para o avan\u00e7o da medicina, principalmente para a oncologia. Os estudos cient\u00edficos, entre v\u00e1rios benef\u00edcios, possibilitam a implementa\u00e7\u00e3o de novos tratamentos e maior acesso da popula\u00e7\u00e3o aos servi\u00e7os de sa\u00fade.\u00a0 O grupo de especialistas que integra o Real Instituto de Cirurgia Oncol\u00f3gica (RICO) \u00e9 fortemente dedicado \u00e0 pesquisa [&hellip;]<\/p>\n","protected":false},"author":1,"featured_media":0,"parent":0,"menu_order":0,"comment_status":"closed","ping_status":"closed","template":"elementor_header_footer","meta":{"footnotes":""},"class_list":["post-1114","page","type-page","status-publish","hentry"],"_links":{"self":[{"href":"https:\/\/www.ricorhp.com.br\/novosite\/wp-json\/wp\/v2\/pages\/1114","targetHints":{"allow":["GET"]}}],"collection":[{"href":"https:\/\/www.ricorhp.com.br\/novosite\/wp-json\/wp\/v2\/pages"}],"about":[{"href":"https:\/\/www.ricorhp.com.br\/novosite\/wp-json\/wp\/v2\/types\/page"}],"author":[{"embeddable":true,"href":"https:\/\/www.ricorhp.com.br\/novosite\/wp-json\/wp\/v2\/users\/1"}],"replies":[{"embeddable":true,"href":"https:\/\/www.ricorhp.com.br\/novosite\/wp-json\/wp\/v2\/comments?post=1114"}],"version-history":[{"count":10,"href":"https:\/\/www.ricorhp.com.br\/novosite\/wp-json\/wp\/v2\/pages\/1114\/revisions"}],"predecessor-version":[{"id":1311,"href":"https:\/\/www.ricorhp.com.br\/novosite\/wp-json\/wp\/v2\/pages\/1114\/revisions\/1311"}],"wp:attachment":[{"href":"https:\/\/www.ricorhp.com.br\/novosite\/wp-json\/wp\/v2\/media?parent=1114"}],"curies":[{"name":"wp","href":"https:\/\/api.w.org\/{rel}","templated":true}]}}